{"id":52,"date":"2015-09-12T12:58:56","date_gmt":"2015-09-12T12:58:56","guid":{"rendered":"http:\/\/sosten.fr\/wp\/?page_id=52"},"modified":"2024-09-27T11:42:47","modified_gmt":"2024-09-27T11:42:47","slug":"legal","status":"publish","type":"page","link":"https:\/\/sosten.fr\/wp\/?page_id=52","title":{"rendered":"L\u00e9gal"},"content":{"rendered":"<p><a href=\"http:\/\/sosten.fr\/wp\/?page_id=137\">R\u00e8glement int\u00e9rieur<\/a><\/p>\n<p><a href=\"http:\/\/sosten.fr\/wp\/?page_id=139\">CGV<\/a><\/p>\n<p><a href=\"http:\/\/sosten.fr\/wp\/?page_id=144\">RGPD<\/a><\/p>\n<p><a href=\"https:\/\/sosten.fr\/wp\/?page_id=219(ouvre un nouvel onglet)\" data-wplink-url-error=\"true\">Certificat Qualiopi\u00a0<\/a><\/p>\n<p>Sosten SAS,\u00a088 avenue des Ternes 75017 Paris\u00a0&#8211; soci\u00e9t\u00e9 au capital de 10 000 \u20ac<\/p>\n<p>Mail : benoit.tulasne <em>arobase<\/em> sosten.fr<\/p>\n<p style=\"text-align: left;\">T\u00e9l : 07 86 51 54 quatre-vingt seize<\/p>\n<p style=\"text-align: left;\">812925113 RCS\u00a0Paris<\/p>\n<p style=\"text-align: left;\">TVA intracommunautaire :\u00a0FR quatre-vingt-dix\u00a0812925113.<\/p>\n<p style=\"text-align: left;\">Responsable de la publication : Benoit Tulasne<\/p>\n<p style=\"text-align: left;\">H\u00e9bergeur du site\u00a0: OVH SAS.\u00a0Si\u00e8ge social : 2 rue Kellermann &#8211; 59100 Roubaix &#8211; France<\/p>\n<p style=\"text-align: left;\"><strong>Cr\u00e9dits<\/strong> : la photo d&rsquo;arri\u00e8re plan et les pastilles sont des images n&rsquo;appartenant pas \u00e0 la soci\u00e9t\u00e9. Elles repr\u00e9sentent des oeuvres de <strong>Zaha Hadid<\/strong>, l&rsquo;une des plus grandes architectes de notre temps. Si les propri\u00e9taires de ces images\u00a0se sentaient l\u00e9s\u00e9s par leur utilisation dans ce site, nous les remplacerions imm\u00e9diatement.<br \/>\nElles figurent ici en tant q<strong>u&rsquo;hommage \u00e0 une certaine architecture, visionnaire, vivante, organique, inspirante et belle \u00e0 vivre et \u00e0 regarder.<\/strong><\/p>\n","protected":false},"excerpt":{"rendered":"<p>R\u00e8glement int\u00e9rieur CGV RGPD Certificat Qualiopi\u00a0 Sosten SAS,\u00a088 avenue des Ternes 75017 Paris\u00a0&#8211; soci\u00e9t\u00e9 au capital de 10 000 \u20ac Mail : benoit.tulasne arobase sosten.fr T\u00e9l : 07 86 51 54 quatre-vingt seize 812925113 RCS\u00a0Paris TVA intracommunautaire :\u00a0FR quatre-vingt-dix\u00a0812925113. Responsable de la publication : Benoit Tulasne H\u00e9bergeur du site\u00a0: OVH SAS.\u00a0Si\u00e8ge social : 2 rue<a href=\"https:\/\/sosten.fr\/wp\/?page_id=52\">[&#8230;]<\/a><\/p>\n","protected":false},"author":1,"featured_media":0,"parent":0,"menu_order":2,"comment_status":"open","ping_status":"open","template":"template-fullwidth.php","meta":[],"_links":{"self":[{"href":"https:\/\/sosten.fr\/wp\/index.php?rest_route=\/wp\/v2\/pages\/52"}],"collection":[{"href":"https:\/\/sosten.fr\/wp\/index.php?rest_route=\/wp\/v2\/pages"}],"about":[{"href":"https:\/\/sosten.fr\/wp\/index.php?rest_route=\/wp\/v2\/types\/page"}],"author":[{"embeddable":true,"href":"https:\/\/sosten.fr\/wp\/index.php?rest_route=\/wp\/v2\/users\/1"}],"replies":[{"embeddable":true,"href":"https:\/\/sosten.fr\/wp\/index.php?rest_route=%2Fwp%2Fv2%2Fcomments&post=52"}],"version-history":[{"count":9,"href":"https:\/\/sosten.fr\/wp\/index.php?rest_route=\/wp\/v2\/pages\/52\/revisions"}],"predecessor-version":[{"id":223,"href":"https:\/\/sosten.fr\/wp\/index.php?rest_route=\/wp\/v2\/pages\/52\/revisions\/223"}],"wp:attachment":[{"href":"https:\/\/sosten.fr\/wp\/index.php?rest_route=%2Fwp%2Fv2%2Fmedia&parent=52"}],"curies":[{"name":"wp","href":"https:\/\/api.w.org\/{rel}","templated":true}]}}